{"id":1119,"date":"2021-12-29T03:45:32","date_gmt":"2021-12-29T00:45:32","guid":{"rendered":"http:\/\/sertemel.com\/?page_id=1119"},"modified":"2024-09-07T18:47:40","modified_gmt":"2024-09-07T15:47:40","slug":"research","status":"publish","type":"page","link":"http:\/\/sertemel.com\/index.php\/research\/","title":{"rendered":"Research"},"content":{"rendered":"<p>[vc_row][vc_column][vc_column_text]<strong><span style=\"font-family: 'Times New Roman', serif;\"><span style=\"font-size: small;\"><span style=\"color: #414140;\"><span style=\"font-family: Helvetica, serif;\"><span style=\"font-size: large;\"><u>Research Interests:<\/u><\/span><\/span><\/span><\/span><\/span><\/strong><\/p>\n<p><span style=\"font-family: 'Times New Roman', serif;\"><span style=\"font-size: small;\"><span style=\"color: #414140;\"><span style=\"font-family: Helvetica, serif;\"><span style=\"font-size: large;\">Market Design, Game Theory, Social Choice Theory, Fair Division, Decision Making under Uncertainty, Energy Economics<\/span><\/span><\/span><\/span><\/span><\/p>\n<p><strong><span style=\"font-family: 'Times New Roman', serif;\"><span style=\"font-size: small;\"><span style=\"color: #414140;\"><span style=\"font-family: Helvetica, serif;\"><span style=\"font-size: large;\"><u>Publications:<\/u><\/span><\/span><\/span><\/span><\/span><\/strong><\/p>\n<ul>\n<li><span style=\"font-family: 'Times New Roman', serif;\"><span style=\"font-size: small;\"><span style=\"color: #414140;\"><span style=\"font-family: Helvetica, serif;\"><span style=\"font-size: large;\"><a href=\"https:\/\/link.springer.com\/article\/10.1007\/s00355-024-01527-0\"> \u201cSequential School Choice with Public and Private Schools\u201d,<\/a> with Tommy Andersson, Umut Mert Dur, and Onur Kesten, Social Choice and Welfare, June 2024 <\/span><\/span><\/span><\/span><\/span><\/li>\n<li><span style=\"font-family: 'Times New Roman', serif;\"><span style=\"font-size: small;\"><span style=\"color: #414140;\"><span style=\"font-family: Helvetica, serif;\"><span style=\"font-size: large;\"><a href=\"https:\/\/journals.sagepub.com\/doi\/10.1177\/17835917241233296\"> \u201cLegal and Ownership Unbundling in the Turkish Natural Gas Market: A Comparative Analysis\u201d<\/a> with Yunus Emre Gu\u0308rler, Muzaffer Erog\u0306lu, and Matthias Finger, Competition and Regulation in Network Industries, February 2024 <\/span><\/span><\/span><\/span><\/span><\/li>\n<li><span style=\"font-family: 'Times New Roman', serif;\"><span style=\"font-size: small;\"><span style=\"color: #414140;\"><span style=\"font-family: Helvetica, serif;\"><span style=\"font-size: large;\"><a href=\"https:\/\/www.tandfonline.com\/doi\/full\/10.1080\/00036846.2023.2294273\"> \u201cAnalyzing Efficiency in the Medical Laboratory Industry using Stochastic Frontier Analysis\u201d<\/a> with Levent Kutlu, Applied Economics, December 2023 <\/span><\/span><\/span><\/span><\/span><\/li>\n<li><span style=\"font-family: 'Times New Roman', serif;\"><span style=\"font-size: small;\"><span style=\"color: #414140;\"><span style=\"font-family: Helvetica, serif;\"><span style=\"font-size: large;\"><a href=\"https:\/\/doi.org\/10.1016\/j.jmateco.2023.102868\"> \u201cRationing Rules for Risky Claims\u201d<\/a>, with Siddharth Chatterjee and Rajnish Kumar, Journal of Mathematical Economics, October 2023 <\/span><\/span><\/span><\/span><\/span><\/li>\n<li><span style=\"font-family: 'Times New Roman', serif;\"><span style=\"font-size: small;\"><span style=\"color: #414140;\"><span style=\"font-family: Helvetica, serif;\"><span style=\"font-size: large;\"><a href=\"https:\/\/www.emerald.com\/insight\/content\/doi\/10.1108\/JIABR-03-2023-0100\/full\/html\"> \u201cA Game Theoretical Approach to Islamic Law Disputes\u201d<\/a>, with Burak Dog\u0306an, Journal of Islamic Accounting and Business Research, September 2023 <\/span><\/span><\/span><\/span><\/span><\/li>\n<li><span style=\"font-family: 'Times New Roman', serif;\"><span style=\"font-size: small;\"><span style=\"color: #414140;\"><span style=\"font-family: Helvetica, serif;\"><span style=\"font-size: large;\"><a href=\"https:\/\/doi.org\/10.1016\/j.cie.2023.109294\"> \u201cGame theory-oriented approach for disassembly line worker assignment and balancing problem with multi-manned workstations\u201d<\/a> with Emre \u00c7evikcan, Mira\u00e7 Murat and Y\u0131ld\u0131z K\u00f6se, Computers and Industrial Engineering, July 2023 <\/span><\/span><\/span><\/span><\/span><\/li>\n<li><span style=\"font-family: 'Times New Roman', serif;\"><span style=\"font-size: small;\"><span style=\"color: #414140;\"><span style=\"font-family: Helvetica, serif;\"><span style=\"font-size: large;\"><a href=\"https:\/\/link.springer.com\/chapter\/10.1007\/978-981-16-4737-6_10\"> \u201cRationing Rules under Uncertain Claims: a survey\u201d<\/a> with Rajnish Kumar, Game Theory and Networks: New Perspectives and Directions, October 2021 <\/span><\/span><\/span><\/span><\/span><\/li>\n<li><span style=\"font-family: 'Times New Roman', serif;\"><span style=\"font-size: small;\"><span style=\"color: #414140;\"><span style=\"font-family: Helvetica, serif;\"><span style=\"font-size: large;\"><a href=\"http:\/\/dx.doi.org\/10.1007\/s00182-017-0585-7\"> \u201cProportional Rules for State Contingent Claims\u201d<\/a>, with Rajnish Kumar, International Journal of Game Theory, March 2018<\/span><\/span><\/span><\/span><\/span><\/li>\n<li><span style=\"font-family: 'Times New Roman', serif;\"><span style=\"font-size: small;\"><span style=\"color: #414140;\"><span style=\"font-family: Helvetica, serif;\"><span style=\"font-size: large;\"><a href=\"http:\/\/dx.doi.org\/10.1007\/s00355-015-0872-9\"> \u201cVoting Games of Resolute Social Choice Correspondences\u201d<\/a>\u00a0 with Levent Kutlu and M. Remzi Sanver, Social Choice and Welfare, June 2015<\/span><\/span><\/span><\/span><\/span><\/li>\n<li><span style=\"font-family: 'Times New Roman', serif;\"><span style=\"font-size: small;\"><span style=\"color: #414140;\"><span style=\"font-family: Helvetica, serif;\"><span style=\"font-size: large;\"><a href=\"https:\/\/repository.rice.edu\/server\/api\/core\/bitstreams\/71cfb375-d465-4071-9bf7-85516beca4fb\/content\"> \u201cEssays on Fair Division and Social Choice\u201d<\/a>, Doctoral dissertation, Rice University, December 2013 <\/span><\/span><\/span><\/span><\/span><\/li>\n<\/ul>\n<p><strong><span style=\"font-family: 'Times New Roman', serif;\"><span style=\"font-size: small;\"><span style=\"color: #414140;\"><span style=\"font-family: Helvetica, serif;\"><span style=\"font-size: large;\"><u>Working Papers:<\/u><\/span><\/span><\/span><\/span><\/span><\/strong><\/p>\n<ul>\n<li><span style=\"font-family: 'Times New Roman', serif;\"><span style=\"font-size: small;\"><span style=\"color: #414140;\"><span style=\"font-family: Helvetica, serif;\"><span style=\"font-size: large;\">\u201cA characterization of the alpha\u2010min egalitarian rule\u201d, with Anisha Bandyopadhyay and Rajnish Kumar <\/span><\/span><\/span><\/span><\/span><\/li>\n<li><span style=\"font-family: 'Times New Roman', serif;\"><span style=\"font-size: small;\"><span style=\"color: #414140;\"><span style=\"font-family: Helvetica, serif;\"><span style=\"font-size: large;\">\u201cIntegrating Proportional and Egalitarian Principles in Claims Problems\u201d, with Anisha Bandyopadhyay and Rajnish Kumar <\/span><\/span><\/span><\/span><\/span><\/li>\n<li><span style=\"font-family: 'Times New Roman', serif;\"><span style=\"font-size: small;\"><span style=\"color: #414140;\"><span style=\"font-family: Helvetica, serif;\"><span style=\"font-size: large;\">\u201cMatching with Overlapping Quotas under Weak Preferences\u201d, with David Thomas Seymour <\/span><\/span><\/span><\/span><\/span><\/li>\n<li><span style=\"font-family: 'Times New Roman', serif;\"><span style=\"font-size: small;\"><span style=\"color: #414140;\"><span style=\"font-family: Helvetica, serif;\"><span style=\"font-size: large;\">\u201cCustom Due Dates and Late Payments\u201d, with Mehmet Yig\u0306it Gu\u0308rdal and Tolga Umut Kuzubas\u0327 <\/span><\/span><\/span><\/span><\/span><\/li>\n<li><span style=\"font-family: 'Times New Roman', serif;\"><span style=\"font-size: small;\"><span style=\"color: #414140;\"><span style=\"font-family: Helvetica, serif;\"><span style=\"font-size: large;\"> \u201cFair and Efficient Allocation of Budget Seats in Ukrainian Universities\u201d, with Mustafa O\u011fuz Afacan, Umut Mert Dur and Onur Kesten\u00a0<\/span><\/span><\/span><\/span><\/span><\/li>\n<li><span style=\"font-family: 'Times New Roman', serif;\"><span style=\"font-size: small;\"><span style=\"color: #414140;\"><span style=\"font-family: Helvetica, serif;\"><span style=\"font-size: large;\">\u00a0\u201cOrdered Object Allocation\u201d, with Mustafa O\u011fuz Afacan<\/span><\/span><\/span><\/span><\/span><\/li>\n<li><span style=\"font-family: 'Times New Roman', serif;\"><span style=\"font-size: small;\"><span style=\"color: #414140;\"><span style=\"font-family: Helvetica, serif;\"><span style=\"font-size: large;\">\u201cWelfare Egalitarianism under Uncertainty\u201d<\/span><\/span><\/span><\/span><\/span><\/li>\n<\/ul>\n<p><strong><span style=\"font-family: 'Times New Roman', serif;\"><span style=\"font-size: small;\"><span style=\"color: #414140;\"><span style=\"font-family: Helvetica, serif;\"><span style=\"font-size: large;\"><u> Other Publications:<\/u><\/span><\/span><\/span><\/span><\/span><\/strong><\/p>\n<ul>\n<li><span style=\"font-family: 'Times New Roman', serif;\"><span style=\"font-size: small;\"><span style=\"color: #414140;\"><span style=\"font-family: Helvetica, serif;\"><span style=\"font-size: large;\"><a href=\"https:\/\/doi.org\/10.26650\/di.2022.34.2.1328850\"> \u201cI\u0307slam Hukuku\u2019ndan Paylas\u0327\u0131m Meselelerinin Mikroiktisat\u0131n Adil Paylas\u0327\u0131m Alan\u0131na Uyarlanmas\u0131: U\u0308c\u0327 Problemin Aksiyomatik Analizi\u201d<\/a>, with Burak Dog\u0306an, I\u0307stanbul<br \/>\nU\u0308niversitesi Daru\u0308lfu\u0308nun I\u0307lahiyat, July 2024 <\/span><\/span><\/span><\/span><\/span><\/li>\n<li><span style=\"font-family: 'Times New Roman', serif;\"><span style=\"font-size: small;\"><span style=\"color: #414140;\"><span style=\"font-family: Helvetica, serif;\"><span style=\"font-size: large;\"><a href=\"https:\/\/dergipark.org.tr\/tr\/pub\/ausbd\/issue\/80058\/1320872\"> \u201cK\u0131t Kaynaklar\u0131n Payla\u015ft\u0131r\u0131lmas\u0131: Talepler Problemi Literat\u00fcr\u00fc \u00dczerine Bir \u0130nceleme\u201d<\/a>, with Orhan Ayg\u00fcn and Burak Do\u011fan, Anadolu \u00dcniversitesi Sosyal Bilimler Dergisi, September 2023 <\/span><\/span><\/span><\/span><\/span><\/li>\n<li><span style=\"font-family: 'Times New Roman', serif;\"><span style=\"font-size: small;\"><span style=\"color: #414140;\"><span style=\"font-family: Helvetica, serif;\"><span style=\"font-size: large;\"><a href=\"https:\/\/dergipark.org.tr\/en\/download\/article-file\/3281633\"> \u201cFair Division of Scarce Resources: A Brief Survey of Claims Problems\u201d<\/a>, Industrial Policy, July 2023 <\/span><\/span><\/span><\/span><\/span><\/li>\n<li><span style=\"font-family: 'Times New Roman', serif;\"><span style=\"font-size: small;\"><span style=\"color: #414140;\"><span style=\"font-family: Helvetica, serif;\"><span style=\"font-size: large;\"><a href=\"https:\/\/dergipark.org.tr\/en\/download\/article-file\/2430124\"> \u201cMiras Hukuku Sistemlerinde Bir \u0130flas Problemi Uygulamas\u0131: \u0130slam Miras Hukuku \u00d6rne\u011fi\u201d<\/a>, with Burak Do\u011fan, Pamukkale \u00dcniversitesi Sosyal Bilimler Enstit\u00fcs\u00fc Dergisi, 2023 <\/span><\/span><\/span><\/span><\/span><\/li>\n<li><span style=\"font-family: 'Times New Roman', serif;\"><span style=\"font-size: small;\"><span style=\"color: #414140;\"><span style=\"font-family: Helvetica, serif;\"><span style=\"font-size: large;\"><a href=\"https:\/\/jobacs.com\/sayi\/92477ab9-8a4a-4c0f-95a0-eed8dff6d2b3.pdf#page=26\"> \u201cOtomotiv Sekt\u00f6r\u00fcnde Performans Pazarlama Yakla\u015f\u0131m\u0131yla U\u00e7tan Uca D\u00f6n\u00fc\u015f\u00fcm Optimizasyonu \u00dczerine bir Uygulama\u201d<\/a>, with Adnan Veysel Ertemel and Cemil Can \u00c7oktu\u011f, Journal of Business and Communication Studies, 2022 <\/span><\/span><\/span><\/span><\/span><\/li>\n<li><span style=\"font-family: 'Times New Roman', serif;\"><span style=\"font-size: small;\"><span style=\"color: #414140;\"><span style=\"font-family: Helvetica, serif;\"><span style=\"font-size: large;\"><a href=\"https:\/\/link.springer.com\/chapter\/10.1007\/978-3-030-76724-2_20\"> \u201cA Distribution Network Design Model for Additive Manufacturing\u201d<\/a>, Industrial Engineering in the Internet-of-Things World, GJCIE 2020. Lecture Notes in Management and Industrial Engineering. Springer, August 2021 <\/span><\/span><\/span><\/span><\/span><\/li>\n<li><span style=\"font-family: 'Times New Roman', serif;\"><span style=\"font-size: small;\"><span style=\"color: #414140;\"><span style=\"font-family: Helvetica, serif;\"><span style=\"font-size: large;\"><a href=\"https:\/\/link.springer.com\/chapter\/10.1007\/978-3-030-42416-9_24\"> \u201cProfit Allocation in the Turkish Electricity Industry Based on Cooperative Game Theory\u201d<\/a> with Nurta\u00e7 Karaca, In: Calisir F., Korhan O. (eds) Industrial Engineering in the Digital Disruption Era. GJCIE 2019. Lecture Notes in Management and Industrial Engineering. Springer, March 2020 <\/span><\/span><\/span><\/span><\/span><\/li>\n<li><span style=\"font-family: 'Times New Roman', serif;\"><span style=\"font-size: small;\"><span style=\"color: #414140;\"><span style=\"font-family: Helvetica, serif;\"><span style=\"font-size: large;\"><a href=\"https:\/\/ipv4.tasam.org\/Files\/Icerik\/File\/akdeniz_(1)_pdf_61cba411-b431-4611-a416-8adea7cd6a66.pdf\"> \u201cOPEC\u2019in Enerji Fiyatlar\u0131 \u00dczerindeki Etkisi: 2014-2016 Y\u0131llar\u0131\u201d<\/a>, Opportunities in the Mediterranean Region Economy, Energy and Security, February 2019 <\/span><\/span><\/span><\/span><\/span><\/li>\n<li><span style=\"font-family: 'Times New Roman', serif;\"><span style=\"font-family: 'Times New Roman', serif;\"><span style=\"font-size: small;\"><span style=\"color: #414140;\"><span style=\"font-family: Helvetica, serif;\"><span style=\"font-size: large;\"> \u201cThree Essays on Welfare Economics\u201d, SRA Academic Publishing, 2023<\/span><\/span><\/span><\/span><\/span><\/span><\/li>\n<\/ul>\n<p><strong><span style=\"font-family: 'Times New Roman', serif;\"><span style=\"font-size: small;\"><span style=\"color: #414140;\"><span style=\"font-family: Helvetica, serif;\"><span style=\"font-size: large;\"><u>Projects:<\/u><\/span><\/span><\/span><\/span><\/span><\/strong><\/p>\n<ul>\n<li><span style=\"font-family: 'Times New Roman', serif;\"><span style=\"font-size: small;\"><span style=\"color: #414140;\"><span style=\"font-family: Helvetica, serif;\"><span style=\"font-size: large;\">British Academy Newton Mobility Grant, 2018-2019<\/span><\/span><\/span><\/span><\/span><\/li>\n<\/ul>\n<p><span style=\"font-family: 'Times New Roman', serif;\"><span style=\"font-size: small;\"><span style=\"color: #414140;\"><span style=\"font-family: Helvetica, serif;\"><span style=\"font-size: large;\">\u00a0 \u00a0 \u00a0 \u00a0 &#8220;Fair Division under Risk and Uncertainty&#8221;<\/span><\/span><\/span><\/span><\/span><\/p>\n<ul>\n<li><span style=\"font-family: 'Times New Roman', serif;\"><span style=\"font-size: small;\"><span style=\"color: #414140;\"><span style=\"font-family: Helvetica, serif;\"><span style=\"font-size: large;\">French Embassy Research Fellowship, 2019<\/span><\/span><\/span><\/span><\/span><\/li>\n<\/ul>\n<p><span style=\"font-family: 'Times New Roman', serif;\"><span style=\"font-size: small;\"><span style=\"color: #414140;\"><span style=\"font-family: Helvetica, serif;\"><span style=\"font-size: large;\">\u00a0 \u00a0 \u00a0 \u00a0 &#8220;Fair Social Choice Theory under Risk with Applications to the Climate Change&#8221;<\/span><\/span><\/span><\/span><\/span><\/p>\n<ul>\n<li><span style=\"font-family: 'Times New Roman', serif;\"><span style=\"font-size: small;\"><span style=\"color: #414140;\"><span style=\"font-family: Helvetica, serif;\"><span style=\"font-size: large;\">T\u00dcB\u0130TAK 2232\u00a0\u2013 Postdoctoral Reintegration Fellowship Grant, 2015-2017<\/span><\/span><\/span><\/span><\/span><\/li>\n<\/ul>\n<p><span style=\"color: #414140;\">\u00a0 \u00a0 \u00a0 \u00a0 \u00a0 \u201c<span style=\"font-family: 'Times New Roman', serif;\"><span style=\"font-size: small;\"><span style=\"font-family: Helvetica, serif;\"><span style=\"font-size: large;\">Welfare Economics and its applications under risk and uncertainty\u201d<\/span><\/span><\/span><\/span><\/span>[\/vc_column_text][\/vc_column][\/vc_row]<\/p>\n","protected":false},"excerpt":{"rendered":"<p>[vc_row][vc_column][vc_column_text]Research Interests: Market Design, Game Theory, Social Choice Theory, Fair Division, Decision Making under Uncertainty, Energy Economics Publications: \u201cSequential School &#8230;<\/p>\n","protected":false},"author":1,"featured_media":0,"parent":0,"menu_order":0,"comment_status":"open","ping_status":"closed","template":"","meta":[],"_links":{"self":[{"href":"http:\/\/sertemel.com\/index.php\/wp-json\/wp\/v2\/pages\/1119"}],"collection":[{"href":"http:\/\/sertemel.com\/index.php\/wp-json\/wp\/v2\/pages"}],"about":[{"href":"http:\/\/sertemel.com\/index.php\/wp-json\/wp\/v2\/types\/page"}],"author":[{"embeddable":true,"href":"http:\/\/sertemel.com\/index.php\/wp-json\/wp\/v2\/users\/1"}],"replies":[{"embeddable":true,"href":"http:\/\/sertemel.com\/index.php\/wp-json\/wp\/v2\/comments?post=1119"}],"version-history":[{"count":24,"href":"http:\/\/sertemel.com\/index.php\/wp-json\/wp\/v2\/pages\/1119\/revisions"}],"predecessor-version":[{"id":1265,"href":"http:\/\/sertemel.com\/index.php\/wp-json\/wp\/v2\/pages\/1119\/revisions\/1265"}],"wp:attachment":[{"href":"http:\/\/sertemel.com\/index.php\/wp-json\/wp\/v2\/media?parent=1119"}],"curies":[{"name":"wp","href":"https:\/\/api.w.org\/{rel}","templated":true}]}}