{"id":1135,"date":"2021-12-29T04:14:17","date_gmt":"2021-12-29T01:14:17","guid":{"rendered":"http:\/\/sertemel.com\/?page_id=1135"},"modified":"2022-01-02T03:11:31","modified_gmt":"2022-01-02T00:11:31","slug":"links","status":"publish","type":"page","link":"http:\/\/sertemel.com\/index.php\/links\/","title":{"rendered":"Links"},"content":{"rendered":"<p>[vc_row][vc_column][vc_column_text]<span style=\"color: #414140;\"><span style=\"font-family: Helvetica, serif;\"><span style=\"font-size: x-large;\"><u><b>Institutions<\/b><\/u><\/span><\/span><\/span><\/p>\n<p><a href=\"http:\/\/www.itu.edu.tr\/\">Istanbul Technical University<\/a><\/p>\n<p><a href=\"https:\/\/www.rice.edu\/\">Rice University<\/a><\/p>\n<p><a href=\"http:\/\/boun.edu.tr\/\">Bo\u011fazi\u00e7i University<\/a><\/p>\n<p><a href=\"http:\/\/www.metu.edu.tr\/\">Middle East Technical University<\/a><\/p>\n<p><a href=\"https:\/\/www.sabanciuniv.edu\/\">Sabanc\u0131 University<\/a><\/p>\n<p><a href=\"https:\/\/www.ku.edu.tr\/\">Ko\u00e7 University<\/a><\/p>\n<p><a href=\"http:\/\/www.kse.org.ua\/\">Kyiv School of Economics<\/a><\/p>\n<p><a name=\"_GoBack\"><\/a><a href=\"http:\/\/www.qub.ac.uk\/\">Queen&#8217;s University Belfast<\/a><\/p>\n<p><a href=\"https:\/\/www.usp.ac.fj\/\">University of the South Pacific<\/a><\/p>\n<p><span style=\"color: #414140;\"><span style=\"font-family: Helvetica, serif;\"><span style=\"font-size: x-large;\"><u><b>People<\/b><\/u><\/span><\/span><\/span><\/p>\n<p>My advisor:<\/p>\n<p><a href=\"https:\/\/www.gla.ac.uk\/schools\/business\/staff\/hervemoulin\/\">Herv\u00e9\u00a0Moulin<\/a><\/p>\n<p>My coauthors:<\/p>\n<p><a href=\"http:\/\/myweb.sabanciuniv.edu\/mafacan\/\">Mustafa O\u011fuz Afacan<\/a><\/p>\n<p><a href=\"https:\/\/sites.google.com\/site\/tommyanderssonlunduniversity\/home\">Tommy Andersson<\/a><\/p>\n<p><a href=\"https:\/\/www.researchgate.net\/profile\/Siddharth_Chatterjee3\">Siddharth Chattarjee<\/a><\/p>\n<p><a href=\"https:\/\/sites.google.com\/site\/umutdur\/\">Umut Mert Dur<\/a><\/p>\n<p><a href=\"http:\/\/www.econ.boun.edu.tr\/gurdal\/\">Mehmet Yi\u011fit G\u00fcrdal<\/a><\/p>\n<p><a href=\"https:\/\/www.cmu.edu\/tepper\/faculty-and-research\/faculty-by-area\/profiles\/kesten-onur.html\">Onur Kesten<\/a><\/p>\n<p><a href=\"https:\/\/pure.qub.ac.uk\/portal\/en\/persons\/rajnish-kumar(77903759-ebd7-49c8-b25e-28a9c30940e7).html\">Rajnish Kumar<\/a><\/p>\n<p><a href=\"http:\/\/www.econ.boun.edu.tr\/kuzubas\/research.html\">Tolga Umut Kuzuba\u015f<\/a><\/p>\n<p><a href=\"https:\/\/mentis.uta.edu\/explore\/profile\/levent-kutlu\">Levent Kutlu<\/a><\/p>\n<p><a href=\"https:\/\/sanver.bilgi.edu.tr\/\">M. Remzi Sanvera<\/a><\/p>\n<p><a href=\"http:\/\/davidtseymour.com\/\">David Thomas Seymour<\/a><\/p>\n<p><span style=\"color: #414140;\"><span style=\"font-family: Helvetica, serif;\"><span style=\"font-size: x-large;\"><u><b>Other<\/b><\/u><\/span><\/span><\/span><\/p>\n<p><a href=\"http:\/\/kesifucusu.com\/karar-vericiler-icin-oyun-teorisi\/\">My podcast on Game Theory (in Turkish)<\/a><\/p>\n<p><a href=\"https:\/\/www.kpi.kharkov.ua\/eng\/2018\/07\/04\/khpi-itu-erasmus-collaboration\/\">Visit to Kharkiv Polytechnic Institute<\/a><\/p>\n<p><a href=\"http:\/\/dailypost.vu\/news\/more-ni-vanuatu-urges-for-turkish-scholarship\/article_28f596ea-d883-5973-87ca-18f765775fbc.html\">Visit to University of the South Pacific<\/a><\/p>\n<p><a href=\"https:\/\/www.haberler.com\/turk-ve-ukraynali-sanatcilar-ayni-sahneyi-paylasti-12002968-haberi\/\">&#8220;From Kyiv to Istanbul&#8221; Gala Concert<\/a><\/p>\n<h4><\/h4>\n<p>[\/vc_column_text][\/vc_column][\/vc_row]<\/p>\n","protected":false},"excerpt":{"rendered":"<p>[vc_row][vc_column][vc_column_text]Institutions Istanbul Technical University Rice University Bo\u011fazi\u00e7i University Middle East Technical University Sabanc\u0131 University Ko\u00e7 University Kyiv School of Economics &#8230;<\/p>\n","protected":false},"author":1,"featured_media":0,"parent":0,"menu_order":0,"comment_status":"open","ping_status":"closed","template":"","meta":[],"_links":{"self":[{"href":"http:\/\/sertemel.com\/index.php\/wp-json\/wp\/v2\/pages\/1135"}],"collection":[{"href":"http:\/\/sertemel.com\/index.php\/wp-json\/wp\/v2\/pages"}],"about":[{"href":"http:\/\/sertemel.com\/index.php\/wp-json\/wp\/v2\/types\/page"}],"author":[{"embeddable":true,"href":"http:\/\/sertemel.com\/index.php\/wp-json\/wp\/v2\/users\/1"}],"replies":[{"embeddable":true,"href":"http:\/\/sertemel.com\/index.php\/wp-json\/wp\/v2\/comments?post=1135"}],"version-history":[{"count":2,"href":"http:\/\/sertemel.com\/index.php\/wp-json\/wp\/v2\/pages\/1135\/revisions"}],"predecessor-version":[{"id":1210,"href":"http:\/\/sertemel.com\/index.php\/wp-json\/wp\/v2\/pages\/1135\/revisions\/1210"}],"wp:attachment":[{"href":"http:\/\/sertemel.com\/index.php\/wp-json\/wp\/v2\/media?parent=1135"}],"curies":[{"name":"wp","href":"https:\/\/api.w.org\/{rel}","templated":true}]}}